{"id":9,"date":"2016-10-31T03:36:05","date_gmt":"2016-10-31T02:36:05","guid":{"rendered":"https:\/\/lisakoechli.ch\/?page_id=9"},"modified":"2024-12-29T17:55:51","modified_gmt":"2024-12-29T16:55:51","slug":"portraet","status":"publish","type":"page","link":"https:\/\/lisakoechli.ch\/index.php\/portraet\/","title":{"rendered":"Portr\u00e4t"},"content":{"rendered":"<h2>Lisa K\u00f6chli<\/h2>\n<p><img loading=\"lazy\" decoding=\"async\" class=\"alignnone  wp-image-330\" src=\"https:\/\/lisakoechli.ch\/wp-content\/uploads\/2022\/03\/lisa.jpg\" alt=\"Lisa K\u00f6chli\" width=\"260\" height=\"314\" \/><\/p>\n<p><strong>In meiner Praxis ist es erlaubt schwach, zerbrechlich zu sein. Es ist erlaubt kr\u00e4ftig und k\u00e4mpferisch zu sein. Es ist erlaubt zu wissen, dass zufrieden mit sich selbst sein, gar nicht so schlimm ist.<\/strong><\/p>\n<p><strong>Mein eigener Lebensweg und meine langj\u00e4hrige Berufserfahrung lehrten mich, dass Heilung, Wachstum und Weiterentwicklung die besten Chancen erhalten, wenn sie eigens erkannt und in die Hand genommen werden. <\/strong><\/p>\n<p><strong>Daher ist es mir ein Anliegen Menschen dabei zu begleiten, wie sie ihrer inneren Weisheit folgen und in ihre eigene Lebenskraft vertrauen lernen. <\/strong><\/p>\n<p><strong>\u00a0<\/strong><\/p>\n<p><strong>Ausbildungen<\/strong><\/p>\n<ul>\n<li>Psychosoziale Beraterin mit eidg. Diplom HFP<\/li>\n<li>Psychosynthese Beraterin dipl. aeon Basel <a href=\"http:\/\/www.sgfb.ch\/de\/\" target=\"_blank\" rel=\"noopener noreferrer\">Fachmitglied SGfB<\/a><\/li>\n<li>Astrologisch psychologische Beraterin dipl. API<\/li>\n<li>Teacher Wahrnehmungsschulung bei Verena Bachmann und Jeff Anders<\/li>\n<\/ul>\n<p><strong><br \/>\nLaufende Aus- und Weiterbildungen <\/strong><\/p>\n<ul>\n<li>Weiterbildung in Potentialenfaltung, Masterclass by Gerald H\u00fcther<\/li>\n<li>themenbezogene Fortbildung in Astrologie<\/li>\n<li>themenzentrierte Fortbildungen in Psychosynthese und psychosozialer Beratung<\/li>\n<li>Systemische und Transpersonale Psychologie<\/li>\n<\/ul>\n<p><strong><br \/>\nT\u00e4tigkeiten<\/strong><\/p>\n<ul>\n<li>Beratung Kurs und Seminarleitung in eigener Praxis<\/li>\n<li>Seminarleitung an der <a href=\"http:\/\/www.sfer.ch\" target=\"_blank\" rel=\"noopener noreferrer\">Schule f\u00fcr Erwachsene SFER<\/a> Z\u00fcrich<\/li>\n<li>Seminarleitung am Ausbildungszentrum f\u00fcr Psychosynthese und ganzheitliches Heilen <a href=\"http:\/\/www.aeon.ch\/\" target=\"_blank\" rel=\"noopener noreferrer\">aeon Basel<\/a><\/li>\n<li>langj\u00e4hrige T\u00e4tigkeit als Coach f\u00fcr Jugendliche auf dem Weg zur Berufsfindung und w\u00e4hrend Ausbildung in Firmen und Institutionen<\/li>\n<\/ul>\n<p><strong>\u00a0<\/strong><\/p>\n<p><strong>\u00a0<\/strong><\/p>\n<p><strong>\u00a0<\/strong><\/p>\n","protected":false},"excerpt":{"rendered":"<p>Lisa K\u00f6chli In meiner Praxis ist es erlaubt schwach, zerbrechlich zu sein. Es ist erlaubt kr\u00e4ftig und k\u00e4mpferisch zu sein. Es ist erlaubt zu wissen, dass zufrieden mit sich selbst sein, gar nicht so schlimm ist. Mein eigener Lebensweg und meine langj\u00e4hrige Berufserfahrung lehrten mich, dass Heilung, Wachstum und Weiterentwicklung die besten Chancen erhalten, wenn [&hellip;]<\/p>\n","protected":false},"author":2,"featured_media":0,"parent":0,"menu_order":0,"comment_status":"closed","ping_status":"closed","template":"","meta":{"footnotes":""},"class_list":["post-9","page","type-page","status-publish","hentry"],"yoast_head":"<!-- This site is optimized with the Yoast SEO plugin v27.5 - https:\/\/yoast.com\/product\/yoast-seo-wordpress\/ -->\n<title>Portr\u00e4t - Beratungspraxis Lisa K\u00f6chli Bern, Brig<\/title>\n<meta name=\"robots\" content=\"index, follow, max-snippet:-1, max-image-preview:large, max-video-preview:-1\" \/>\n<link rel=\"canonical\" href=\"https:\/\/lisakoechli.ch\/index.php\/portraet\/\" \/>\n<meta property=\"og:locale\" content=\"de_DE\" \/>\n<meta property=\"og:type\" content=\"article\" \/>\n<meta property=\"og:title\" content=\"Portr\u00e4t - Beratungspraxis Lisa K\u00f6chli Bern, Brig\" \/>\n<meta property=\"og:description\" content=\"Lisa K\u00f6chli In meiner Praxis ist es erlaubt schwach, zerbrechlich zu sein. Es ist erlaubt kr\u00e4ftig und k\u00e4mpferisch zu sein. Es ist erlaubt zu wissen, dass zufrieden mit sich selbst sein, gar nicht so schlimm ist. Mein eigener Lebensweg und meine langj\u00e4hrige Berufserfahrung lehrten mich, dass Heilung, Wachstum und Weiterentwicklung die besten Chancen erhalten, wenn [&hellip;]\" \/>\n<meta property=\"og:url\" content=\"https:\/\/lisakoechli.ch\/index.php\/portraet\/\" \/>\n<meta property=\"og:site_name\" content=\"Beratungspraxis Lisa K\u00f6chli Bern, Brig\" \/>\n<meta property=\"article:modified_time\" content=\"2024-12-29T16:55:51+00:00\" \/>\n<meta property=\"og:image\" content=\"https:\/\/lisakoechli.ch\/wp-content\/uploads\/2022\/03\/lisa.jpg\" \/>\n<meta name=\"twitter:card\" content=\"summary_large_image\" \/>\n<meta name=\"twitter:label1\" content=\"Gesch\u00e4tzte Lesezeit\" \/>\n\t<meta name=\"twitter:data1\" content=\"2\u00a0Minuten\" \/>\n<script type=\"application\/ld+json\" class=\"yoast-schema-graph\">{\"@context\":\"https:\\\/\\\/schema.org\",\"@graph\":[{\"@type\":\"WebPage\",\"@id\":\"https:\\\/\\\/lisakoechli.ch\\\/index.php\\\/portraet\\\/\",\"url\":\"https:\\\/\\\/lisakoechli.ch\\\/index.php\\\/portraet\\\/\",\"name\":\"Portr\u00e4t - Beratungspraxis Lisa K\u00f6chli Bern, Brig\",\"isPartOf\":{\"@id\":\"https:\\\/\\\/lisakoechli.ch\\\/#website\"},\"primaryImageOfPage\":{\"@id\":\"https:\\\/\\\/lisakoechli.ch\\\/index.php\\\/portraet\\\/#primaryimage\"},\"image\":{\"@id\":\"https:\\\/\\\/lisakoechli.ch\\\/index.php\\\/portraet\\\/#primaryimage\"},\"thumbnailUrl\":\"https:\\\/\\\/lisakoechli.ch\\\/wp-content\\\/uploads\\\/2022\\\/03\\\/lisa.jpg\",\"datePublished\":\"2016-10-31T02:36:05+00:00\",\"dateModified\":\"2024-12-29T16:55:51+00:00\",\"breadcrumb\":{\"@id\":\"https:\\\/\\\/lisakoechli.ch\\\/index.php\\\/portraet\\\/#breadcrumb\"},\"inLanguage\":\"de\",\"potentialAction\":[{\"@type\":\"ReadAction\",\"target\":[\"https:\\\/\\\/lisakoechli.ch\\\/index.php\\\/portraet\\\/\"]}]},{\"@type\":\"ImageObject\",\"inLanguage\":\"de\",\"@id\":\"https:\\\/\\\/lisakoechli.ch\\\/index.php\\\/portraet\\\/#primaryimage\",\"url\":\"https:\\\/\\\/lisakoechli.ch\\\/wp-content\\\/uploads\\\/2022\\\/03\\\/lisa.jpg\",\"contentUrl\":\"https:\\\/\\\/lisakoechli.ch\\\/wp-content\\\/uploads\\\/2022\\\/03\\\/lisa.jpg\",\"width\":500,\"height\":641,\"caption\":\"Lisa K\u00f6chli\"},{\"@type\":\"BreadcrumbList\",\"@id\":\"https:\\\/\\\/lisakoechli.ch\\\/index.php\\\/portraet\\\/#breadcrumb\",\"itemListElement\":[{\"@type\":\"ListItem\",\"position\":1,\"name\":\"Startseite\",\"item\":\"https:\\\/\\\/lisakoechli.ch\\\/\"},{\"@type\":\"ListItem\",\"position\":2,\"name\":\"Portr\u00e4t\"}]},{\"@type\":\"WebSite\",\"@id\":\"https:\\\/\\\/lisakoechli.ch\\\/#website\",\"url\":\"https:\\\/\\\/lisakoechli.ch\\\/\",\"name\":\"Beratungspraxis Lisa K\u00f6chli Bern, Brig\",\"description\":\"Psychosoziale Beratung \\\/ psychologische Astrologie\",\"potentialAction\":[{\"@type\":\"SearchAction\",\"target\":{\"@type\":\"EntryPoint\",\"urlTemplate\":\"https:\\\/\\\/lisakoechli.ch\\\/?s={search_term_string}\"},\"query-input\":{\"@type\":\"PropertyValueSpecification\",\"valueRequired\":true,\"valueName\":\"search_term_string\"}}],\"inLanguage\":\"de\"}]}<\/script>\n<!-- \/ Yoast SEO plugin. -->","yoast_head_json":{"title":"Portr\u00e4t - Beratungspraxis Lisa K\u00f6chli Bern, Brig","robots":{"index":"index","follow":"follow","max-snippet":"max-snippet:-1","max-image-preview":"max-image-preview:large","max-video-preview":"max-video-preview:-1"},"canonical":"https:\/\/lisakoechli.ch\/index.php\/portraet\/","og_locale":"de_DE","og_type":"article","og_title":"Portr\u00e4t - Beratungspraxis Lisa K\u00f6chli Bern, Brig","og_description":"Lisa K\u00f6chli In meiner Praxis ist es erlaubt schwach, zerbrechlich zu sein. Es ist erlaubt kr\u00e4ftig und k\u00e4mpferisch zu sein. Es ist erlaubt zu wissen, dass zufrieden mit sich selbst sein, gar nicht so schlimm ist. Mein eigener Lebensweg und meine langj\u00e4hrige Berufserfahrung lehrten mich, dass Heilung, Wachstum und Weiterentwicklung die besten Chancen erhalten, wenn [&hellip;]","og_url":"https:\/\/lisakoechli.ch\/index.php\/portraet\/","og_site_name":"Beratungspraxis Lisa K\u00f6chli Bern, Brig","article_modified_time":"2024-12-29T16:55:51+00:00","og_image":[{"url":"https:\/\/lisakoechli.ch\/wp-content\/uploads\/2022\/03\/lisa.jpg","type":"","width":"","height":""}],"twitter_card":"summary_large_image","twitter_misc":{"Gesch\u00e4tzte Lesezeit":"2\u00a0Minuten"},"schema":{"@context":"https:\/\/schema.org","@graph":[{"@type":"WebPage","@id":"https:\/\/lisakoechli.ch\/index.php\/portraet\/","url":"https:\/\/lisakoechli.ch\/index.php\/portraet\/","name":"Portr\u00e4t - Beratungspraxis Lisa K\u00f6chli Bern, Brig","isPartOf":{"@id":"https:\/\/lisakoechli.ch\/#website"},"primaryImageOfPage":{"@id":"https:\/\/lisakoechli.ch\/index.php\/portraet\/#primaryimage"},"image":{"@id":"https:\/\/lisakoechli.ch\/index.php\/portraet\/#primaryimage"},"thumbnailUrl":"https:\/\/lisakoechli.ch\/wp-content\/uploads\/2022\/03\/lisa.jpg","datePublished":"2016-10-31T02:36:05+00:00","dateModified":"2024-12-29T16:55:51+00:00","breadcrumb":{"@id":"https:\/\/lisakoechli.ch\/index.php\/portraet\/#breadcrumb"},"inLanguage":"de","potentialAction":[{"@type":"ReadAction","target":["https:\/\/lisakoechli.ch\/index.php\/portraet\/"]}]},{"@type":"ImageObject","inLanguage":"de","@id":"https:\/\/lisakoechli.ch\/index.php\/portraet\/#primaryimage","url":"https:\/\/lisakoechli.ch\/wp-content\/uploads\/2022\/03\/lisa.jpg","contentUrl":"https:\/\/lisakoechli.ch\/wp-content\/uploads\/2022\/03\/lisa.jpg","width":500,"height":641,"caption":"Lisa K\u00f6chli"},{"@type":"BreadcrumbList","@id":"https:\/\/lisakoechli.ch\/index.php\/portraet\/#breadcrumb","itemListElement":[{"@type":"ListItem","position":1,"name":"Startseite","item":"https:\/\/lisakoechli.ch\/"},{"@type":"ListItem","position":2,"name":"Portr\u00e4t"}]},{"@type":"WebSite","@id":"https:\/\/lisakoechli.ch\/#website","url":"https:\/\/lisakoechli.ch\/","name":"Beratungspraxis Lisa K\u00f6chli Bern, Brig","description":"Psychosoziale Beratung \/ psychologische Astrologie","potentialAction":[{"@type":"SearchAction","target":{"@type":"EntryPoint","urlTemplate":"https:\/\/lisakoechli.ch\/?s={search_term_string}"},"query-input":{"@type":"PropertyValueSpecification","valueRequired":true,"valueName":"search_term_string"}}],"inLanguage":"de"}]}},"_links":{"self":[{"href":"https:\/\/lisakoechli.ch\/index.php\/wp-json\/wp\/v2\/pages\/9","targetHints":{"allow":["GET"]}}],"collection":[{"href":"https:\/\/lisakoechli.ch\/index.php\/wp-json\/wp\/v2\/pages"}],"about":[{"href":"https:\/\/lisakoechli.ch\/index.php\/wp-json\/wp\/v2\/types\/page"}],"author":[{"embeddable":true,"href":"https:\/\/lisakoechli.ch\/index.php\/wp-json\/wp\/v2\/users\/2"}],"replies":[{"embeddable":true,"href":"https:\/\/lisakoechli.ch\/index.php\/wp-json\/wp\/v2\/comments?post=9"}],"version-history":[{"count":37,"href":"https:\/\/lisakoechli.ch\/index.php\/wp-json\/wp\/v2\/pages\/9\/revisions"}],"predecessor-version":[{"id":370,"href":"https:\/\/lisakoechli.ch\/index.php\/wp-json\/wp\/v2\/pages\/9\/revisions\/370"}],"wp:attachment":[{"href":"https:\/\/lisakoechli.ch\/index.php\/wp-json\/wp\/v2\/media?parent=9"}],"curies":[{"name":"wp","href":"https:\/\/api.w.org\/{rel}","templated":true}]}}