{"id":19,"date":"2016-10-31T03:37:42","date_gmt":"2016-10-31T02:37:42","guid":{"rendered":"https:\/\/lisakoechli.ch\/?page_id=19"},"modified":"2024-12-29T18:24:16","modified_gmt":"2024-12-29T17:24:16","slug":"astrologie","status":"publish","type":"page","link":"https:\/\/lisakoechli.ch\/index.php\/angebot\/astrologie\/","title":{"rendered":"Astrologie Beratungen"},"content":{"rendered":"<h2>Psychologische Astrologie<\/h2>\n<p><strong>\u00abDas steht in den Sternen geschrieben\u00bb<br \/>\n<\/strong>In den Himmel zu blicken und die Sterne um Rat zu bitten ist eine Tradition, die in allen Weltkulturen seit Jahrtausenden praktiziert wird. In diesem Sinne ist die Astrologie tief im Bewusstsein der Menschen verankert. Das daraus entstandene Wissen wird bis heute von Generation zu Generation weitergegeben und laufend verfeinert. Die zeitgen\u00f6ssische Deutungsweise der Astrologie ist eine Verbindung von kosmischen Grundprinzipen, universellen Weisheiten und zeitgem\u00e4ssen psychologischen Erkenntnissen.<\/p>\n<p>Das Geburtshoroskop ist eine einzigartige Landkarte, mittels welcher wir uns selbst entdecken k\u00f6nnen. Das individuelle Horoskop macht unsere angelegten Talente, die mitgebrachten F\u00e4higkeiten und somit das einzigartige Potential sichtbar, welches f\u00fcr die pers\u00f6nliche Entwicklung und Selbstentfaltung richtungsweisend ist. Es zeigt uns aber auch auf, welche Herausforderungen, Widerspr\u00fcche und Blockaden es dabei zu \u00fcberwinden gilt.<\/p>\n<p>Anhand des Geburtshoroskops k\u00f6nnen unsere zentralen spirituellen Lebensfragen in einem gr\u00f6sseren Zusammenhang betrachtet werden. Dadurch erhalten sie Sinn und die angemessene Wertsch\u00e4tzung auf unserem einzigartigen Lebensweg. Durch die psychologische Astrologie gewinnt man ein tieferes und ganzheitlicheres Verst\u00e4ndnis f\u00fcr vergangene Ereignisse, aktuelle Lebenssituationen und anstehende Neuorientierungen.<\/p>\n<p>Eine individuelle Horoskopberatung kann<\/p>\n<ul>\n<li>einen \u00dcberblick zu allgemeinen Lebensfragen verschaffen, in Form einer Standortanalyse.<\/li>\n<li>f\u00fcr die Pers\u00f6nlichkeitsentwicklung richtungsweisend sein.<\/li>\n<li>dabei unterst\u00fctzen, in Beziehungsfragen Kl\u00e4rungen aufzuzeigen.<\/li>\n<li>helfen, aktuelle Krisen in einem gr\u00f6sseren Zusammenhang zu erkennen.<\/li>\n<li>f\u00fcr eine anstehende Berufswahl oder berufliche Neuorientierung Impulse geben.<\/li>\n<li>Eltern bei Erziehungsfragen unterst\u00fctzen.<\/li>\n<\/ul>\n<p><strong>Geburtshoroskop<\/strong><br \/>\nErstberatung: Dauer 75 Min.<br \/>\nKosten Fr. 210.&#8211;<\/p>\n<p>Folgeberatung: Dauer 60 Min.<br \/>\nKosten Fr. 170.\u2013<\/p>\n<p><strong>Partnerhoroskop<\/strong><br \/>\nDauer 120 Min.<br \/>\nKosten Fr. 280.\u2013<\/p>\n<p><strong>Kinderhoroskop<\/strong><br \/>\nDauer 60 Min.<br \/>\nKosten Fr. 150.\u2013<\/p>\n<p>F\u00fcr die Erstellung des pers\u00f6nlichen Horoskops ben\u00f6tige ich das Geburtsdatum, den Ort und die genaue Zeit. Falls Sie bez\u00fcglich Ihrer genauen Geburtszeit nicht sicher sind, k\u00f6nnen Sie bei Ihrer Gemeinde den Geburtsschein beantragen. Auf diesem ist Ihre Geburtszeit eingetragen.<\/p>\n","protected":false},"excerpt":{"rendered":"<p>Psychologische Astrologie \u00abDas steht in den Sternen geschrieben\u00bb In den Himmel zu blicken und die Sterne um Rat zu bitten ist eine Tradition, die in allen Weltkulturen seit Jahrtausenden praktiziert wird. In diesem Sinne ist die Astrologie tief im Bewusstsein der Menschen verankert. Das daraus entstandene Wissen wird bis heute von Generation zu Generation weitergegeben [&hellip;]<\/p>\n","protected":false},"author":2,"featured_media":0,"parent":7,"menu_order":1,"comment_status":"closed","ping_status":"closed","template":"","meta":{"footnotes":""},"class_list":["post-19","page","type-page","status-publish","hentry"],"yoast_head":"<!-- This site is optimized with the Yoast SEO plugin v27.4 - https:\/\/yoast.com\/product\/yoast-seo-wordpress\/ -->\n<title>Astrologie Beratungen - Beratungspraxis Lisa K\u00f6chli Bern, Brig<\/title>\n<meta name=\"robots\" content=\"index, follow, max-snippet:-1, max-image-preview:large, max-video-preview:-1\" \/>\n<link rel=\"canonical\" href=\"https:\/\/lisakoechli.ch\/index.php\/angebot\/astrologie\/\" \/>\n<meta property=\"og:locale\" content=\"de_DE\" \/>\n<meta property=\"og:type\" content=\"article\" \/>\n<meta property=\"og:title\" content=\"Astrologie Beratungen - Beratungspraxis Lisa K\u00f6chli Bern, Brig\" \/>\n<meta property=\"og:description\" content=\"Psychologische Astrologie \u00abDas steht in den Sternen geschrieben\u00bb In den Himmel zu blicken und die Sterne um Rat zu bitten ist eine Tradition, die in allen Weltkulturen seit Jahrtausenden praktiziert wird. In diesem Sinne ist die Astrologie tief im Bewusstsein der Menschen verankert. Das daraus entstandene Wissen wird bis heute von Generation zu Generation weitergegeben [&hellip;]\" \/>\n<meta property=\"og:url\" content=\"https:\/\/lisakoechli.ch\/index.php\/angebot\/astrologie\/\" \/>\n<meta property=\"og:site_name\" content=\"Beratungspraxis Lisa K\u00f6chli Bern, Brig\" \/>\n<meta property=\"article:modified_time\" content=\"2024-12-29T17:24:16+00:00\" \/>\n<meta name=\"twitter:card\" content=\"summary_large_image\" \/>\n<meta name=\"twitter:label1\" content=\"Gesch\u00e4tzte Lesezeit\" \/>\n\t<meta name=\"twitter:data1\" content=\"2\u00a0Minuten\" \/>\n<script type=\"application\/ld+json\" class=\"yoast-schema-graph\">{\"@context\":\"https:\\\/\\\/schema.org\",\"@graph\":[{\"@type\":\"WebPage\",\"@id\":\"https:\\\/\\\/lisakoechli.ch\\\/index.php\\\/angebot\\\/astrologie\\\/\",\"url\":\"https:\\\/\\\/lisakoechli.ch\\\/index.php\\\/angebot\\\/astrologie\\\/\",\"name\":\"Astrologie Beratungen - Beratungspraxis Lisa K\u00f6chli Bern, Brig\",\"isPartOf\":{\"@id\":\"https:\\\/\\\/lisakoechli.ch\\\/#website\"},\"datePublished\":\"2016-10-31T02:37:42+00:00\",\"dateModified\":\"2024-12-29T17:24:16+00:00\",\"breadcrumb\":{\"@id\":\"https:\\\/\\\/lisakoechli.ch\\\/index.php\\\/angebot\\\/astrologie\\\/#breadcrumb\"},\"inLanguage\":\"de\",\"potentialAction\":[{\"@type\":\"ReadAction\",\"target\":[\"https:\\\/\\\/lisakoechli.ch\\\/index.php\\\/angebot\\\/astrologie\\\/\"]}]},{\"@type\":\"BreadcrumbList\",\"@id\":\"https:\\\/\\\/lisakoechli.ch\\\/index.php\\\/angebot\\\/astrologie\\\/#breadcrumb\",\"itemListElement\":[{\"@type\":\"ListItem\",\"position\":1,\"name\":\"Startseite\",\"item\":\"https:\\\/\\\/lisakoechli.ch\\\/\"},{\"@type\":\"ListItem\",\"position\":2,\"name\":\"Angebot\",\"item\":\"https:\\\/\\\/lisakoechli.ch\\\/index.php\\\/angebot\\\/\"},{\"@type\":\"ListItem\",\"position\":3,\"name\":\"Astrologie Beratungen\"}]},{\"@type\":\"WebSite\",\"@id\":\"https:\\\/\\\/lisakoechli.ch\\\/#website\",\"url\":\"https:\\\/\\\/lisakoechli.ch\\\/\",\"name\":\"Beratungspraxis Lisa K\u00f6chli Bern, Brig\",\"description\":\"Psychosoziale Beratung \\\/ psychologische Astrologie\",\"potentialAction\":[{\"@type\":\"SearchAction\",\"target\":{\"@type\":\"EntryPoint\",\"urlTemplate\":\"https:\\\/\\\/lisakoechli.ch\\\/?s={search_term_string}\"},\"query-input\":{\"@type\":\"PropertyValueSpecification\",\"valueRequired\":true,\"valueName\":\"search_term_string\"}}],\"inLanguage\":\"de\"}]}<\/script>\n<!-- \/ Yoast SEO plugin. -->","yoast_head_json":{"title":"Astrologie Beratungen - Beratungspraxis Lisa K\u00f6chli Bern, Brig","robots":{"index":"index","follow":"follow","max-snippet":"max-snippet:-1","max-image-preview":"max-image-preview:large","max-video-preview":"max-video-preview:-1"},"canonical":"https:\/\/lisakoechli.ch\/index.php\/angebot\/astrologie\/","og_locale":"de_DE","og_type":"article","og_title":"Astrologie Beratungen - Beratungspraxis Lisa K\u00f6chli Bern, Brig","og_description":"Psychologische Astrologie \u00abDas steht in den Sternen geschrieben\u00bb In den Himmel zu blicken und die Sterne um Rat zu bitten ist eine Tradition, die in allen Weltkulturen seit Jahrtausenden praktiziert wird. In diesem Sinne ist die Astrologie tief im Bewusstsein der Menschen verankert. Das daraus entstandene Wissen wird bis heute von Generation zu Generation weitergegeben [&hellip;]","og_url":"https:\/\/lisakoechli.ch\/index.php\/angebot\/astrologie\/","og_site_name":"Beratungspraxis Lisa K\u00f6chli Bern, Brig","article_modified_time":"2024-12-29T17:24:16+00:00","twitter_card":"summary_large_image","twitter_misc":{"Gesch\u00e4tzte Lesezeit":"2\u00a0Minuten"},"schema":{"@context":"https:\/\/schema.org","@graph":[{"@type":"WebPage","@id":"https:\/\/lisakoechli.ch\/index.php\/angebot\/astrologie\/","url":"https:\/\/lisakoechli.ch\/index.php\/angebot\/astrologie\/","name":"Astrologie Beratungen - Beratungspraxis Lisa K\u00f6chli Bern, Brig","isPartOf":{"@id":"https:\/\/lisakoechli.ch\/#website"},"datePublished":"2016-10-31T02:37:42+00:00","dateModified":"2024-12-29T17:24:16+00:00","breadcrumb":{"@id":"https:\/\/lisakoechli.ch\/index.php\/angebot\/astrologie\/#breadcrumb"},"inLanguage":"de","potentialAction":[{"@type":"ReadAction","target":["https:\/\/lisakoechli.ch\/index.php\/angebot\/astrologie\/"]}]},{"@type":"BreadcrumbList","@id":"https:\/\/lisakoechli.ch\/index.php\/angebot\/astrologie\/#breadcrumb","itemListElement":[{"@type":"ListItem","position":1,"name":"Startseite","item":"https:\/\/lisakoechli.ch\/"},{"@type":"ListItem","position":2,"name":"Angebot","item":"https:\/\/lisakoechli.ch\/index.php\/angebot\/"},{"@type":"ListItem","position":3,"name":"Astrologie Beratungen"}]},{"@type":"WebSite","@id":"https:\/\/lisakoechli.ch\/#website","url":"https:\/\/lisakoechli.ch\/","name":"Beratungspraxis Lisa K\u00f6chli Bern, Brig","description":"Psychosoziale Beratung \/ psychologische Astrologie","potentialAction":[{"@type":"SearchAction","target":{"@type":"EntryPoint","urlTemplate":"https:\/\/lisakoechli.ch\/?s={search_term_string}"},"query-input":{"@type":"PropertyValueSpecification","valueRequired":true,"valueName":"search_term_string"}}],"inLanguage":"de"}]}},"_links":{"self":[{"href":"https:\/\/lisakoechli.ch\/index.php\/wp-json\/wp\/v2\/pages\/19","targetHints":{"allow":["GET"]}}],"collection":[{"href":"https:\/\/lisakoechli.ch\/index.php\/wp-json\/wp\/v2\/pages"}],"about":[{"href":"https:\/\/lisakoechli.ch\/index.php\/wp-json\/wp\/v2\/types\/page"}],"author":[{"embeddable":true,"href":"https:\/\/lisakoechli.ch\/index.php\/wp-json\/wp\/v2\/users\/2"}],"replies":[{"embeddable":true,"href":"https:\/\/lisakoechli.ch\/index.php\/wp-json\/wp\/v2\/comments?post=19"}],"version-history":[{"count":15,"href":"https:\/\/lisakoechli.ch\/index.php\/wp-json\/wp\/v2\/pages\/19\/revisions"}],"predecessor-version":[{"id":359,"href":"https:\/\/lisakoechli.ch\/index.php\/wp-json\/wp\/v2\/pages\/19\/revisions\/359"}],"up":[{"embeddable":true,"href":"https:\/\/lisakoechli.ch\/index.php\/wp-json\/wp\/v2\/pages\/7"}],"wp:attachment":[{"href":"https:\/\/lisakoechli.ch\/index.php\/wp-json\/wp\/v2\/media?parent=19"}],"curies":[{"name":"wp","href":"https:\/\/api.w.org\/{rel}","templated":true}]}}