{"id":118,"date":"2017-08-10T16:10:07","date_gmt":"2017-08-10T14:10:07","guid":{"rendered":"https:\/\/lisakoechli.ch\/?page_id=118"},"modified":"2024-12-29T17:27:28","modified_gmt":"2024-12-29T16:27:28","slug":"astrologie","status":"publish","type":"page","link":"https:\/\/lisakoechli.ch\/index.php\/psychosyntehse\/astrologie\/","title":{"rendered":"Astrologie-Werkstatt"},"content":{"rendered":"<h2>Astrologie-Werkstatt<\/h2>\n<p>Erfahrbare Astrologie ist eine innere Reise durch das eigene Geburtshoroskop. Dadurch werden die astrologischen Symbole zur lebendigen Erfahrung und Erkenntnisse entstehen durch das eigene Erleben. Die Kursteilnehmenden erhalten die M\u00f6glichkeit, ihre Planetenkonstellation selber zu erfassen und auf ihre ganz individuelle Art auszudr\u00fccken.<\/p>\n<p><strong>Inhalte und Methoden <\/strong><\/p>\n<ul>\n<li>Aufstellung von Planeten in den H\u00e4usern und Zeichen<\/li>\n<li>Visualisierung und Bilderreisen zu den Planeten<\/li>\n<li>Musik und Tonerlebnisse zu den Elementen<\/li>\n<li>Aufstellungen zu aktuellen\u00a0Planetenkonstellationen<\/li>\n<li>meditative \u00dcbungen zur Auss\u00f6hnung und Integration von Erfahrungen<\/li>\n<\/ul>\n<p>N\u00e4chste Horoskopaufstellung findet am 22. M\u00e4rz in Brig statt.<\/p>\n<p><a href=\"https:\/\/lisakoechli.ch\/index.php\/links\/\">Online-Anmeldung<\/a><\/p>\n<p><strong>\u00a0<\/strong><\/p>\n","protected":false},"excerpt":{"rendered":"<p>Astrologie-Werkstatt Erfahrbare Astrologie ist eine innere Reise durch das eigene Geburtshoroskop. Dadurch werden die astrologischen Symbole zur lebendigen Erfahrung und Erkenntnisse entstehen durch das eigene Erleben. Die Kursteilnehmenden erhalten die M\u00f6glichkeit, ihre Planetenkonstellation selber zu erfassen und auf ihre ganz individuelle Art auszudr\u00fccken. Inhalte und Methoden Aufstellung von Planeten in den H\u00e4usern und Zeichen Visualisierung [&hellip;]<\/p>\n","protected":false},"author":2,"featured_media":0,"parent":11,"menu_order":2,"comment_status":"closed","ping_status":"closed","template":"","meta":{"footnotes":""},"class_list":["post-118","page","type-page","status-publish","hentry"],"yoast_head":"<!-- This site is optimized with the Yoast SEO plugin v27.5 - https:\/\/yoast.com\/product\/yoast-seo-wordpress\/ -->\n<title>Astrologie-Werkstatt - Beratungspraxis Lisa K\u00f6chli Bern, Brig<\/title>\n<meta name=\"robots\" content=\"index, follow, max-snippet:-1, max-image-preview:large, max-video-preview:-1\" \/>\n<link rel=\"canonical\" href=\"https:\/\/lisakoechli.ch\/index.php\/psychosyntehse\/astrologie\/\" \/>\n<meta property=\"og:locale\" content=\"de_DE\" \/>\n<meta property=\"og:type\" content=\"article\" \/>\n<meta property=\"og:title\" content=\"Astrologie-Werkstatt - Beratungspraxis Lisa K\u00f6chli Bern, Brig\" \/>\n<meta property=\"og:description\" content=\"Astrologie-Werkstatt Erfahrbare Astrologie ist eine innere Reise durch das eigene Geburtshoroskop. Dadurch werden die astrologischen Symbole zur lebendigen Erfahrung und Erkenntnisse entstehen durch das eigene Erleben. Die Kursteilnehmenden erhalten die M\u00f6glichkeit, ihre Planetenkonstellation selber zu erfassen und auf ihre ganz individuelle Art auszudr\u00fccken. Inhalte und Methoden Aufstellung von Planeten in den H\u00e4usern und Zeichen Visualisierung [&hellip;]\" \/>\n<meta property=\"og:url\" content=\"https:\/\/lisakoechli.ch\/index.php\/psychosyntehse\/astrologie\/\" \/>\n<meta property=\"og:site_name\" content=\"Beratungspraxis Lisa K\u00f6chli Bern, Brig\" \/>\n<meta property=\"article:modified_time\" content=\"2024-12-29T16:27:28+00:00\" \/>\n<meta name=\"twitter:card\" content=\"summary_large_image\" \/>\n<meta name=\"twitter:label1\" content=\"Gesch\u00e4tzte Lesezeit\" \/>\n\t<meta name=\"twitter:data1\" content=\"1\u00a0Minute\" \/>\n<script type=\"application\/ld+json\" class=\"yoast-schema-graph\">{\"@context\":\"https:\\\/\\\/schema.org\",\"@graph\":[{\"@type\":\"WebPage\",\"@id\":\"https:\\\/\\\/lisakoechli.ch\\\/index.php\\\/psychosyntehse\\\/astrologie\\\/\",\"url\":\"https:\\\/\\\/lisakoechli.ch\\\/index.php\\\/psychosyntehse\\\/astrologie\\\/\",\"name\":\"Astrologie-Werkstatt - Beratungspraxis Lisa K\u00f6chli Bern, Brig\",\"isPartOf\":{\"@id\":\"https:\\\/\\\/lisakoechli.ch\\\/#website\"},\"datePublished\":\"2017-08-10T14:10:07+00:00\",\"dateModified\":\"2024-12-29T16:27:28+00:00\",\"breadcrumb\":{\"@id\":\"https:\\\/\\\/lisakoechli.ch\\\/index.php\\\/psychosyntehse\\\/astrologie\\\/#breadcrumb\"},\"inLanguage\":\"de\",\"potentialAction\":[{\"@type\":\"ReadAction\",\"target\":[\"https:\\\/\\\/lisakoechli.ch\\\/index.php\\\/psychosyntehse\\\/astrologie\\\/\"]}]},{\"@type\":\"BreadcrumbList\",\"@id\":\"https:\\\/\\\/lisakoechli.ch\\\/index.php\\\/psychosyntehse\\\/astrologie\\\/#breadcrumb\",\"itemListElement\":[{\"@type\":\"ListItem\",\"position\":1,\"name\":\"Startseite\",\"item\":\"https:\\\/\\\/lisakoechli.ch\\\/\"},{\"@type\":\"ListItem\",\"position\":2,\"name\":\"Kurse &#038; Seminare\",\"item\":\"https:\\\/\\\/lisakoechli.ch\\\/index.php\\\/psychosyntehse\\\/\"},{\"@type\":\"ListItem\",\"position\":3,\"name\":\"Astrologie-Werkstatt\"}]},{\"@type\":\"WebSite\",\"@id\":\"https:\\\/\\\/lisakoechli.ch\\\/#website\",\"url\":\"https:\\\/\\\/lisakoechli.ch\\\/\",\"name\":\"Beratungspraxis Lisa K\u00f6chli Bern, Brig\",\"description\":\"Psychosoziale Beratung \\\/ psychologische Astrologie\",\"potentialAction\":[{\"@type\":\"SearchAction\",\"target\":{\"@type\":\"EntryPoint\",\"urlTemplate\":\"https:\\\/\\\/lisakoechli.ch\\\/?s={search_term_string}\"},\"query-input\":{\"@type\":\"PropertyValueSpecification\",\"valueRequired\":true,\"valueName\":\"search_term_string\"}}],\"inLanguage\":\"de\"}]}<\/script>\n<!-- \/ Yoast SEO plugin. -->","yoast_head_json":{"title":"Astrologie-Werkstatt - Beratungspraxis Lisa K\u00f6chli Bern, Brig","robots":{"index":"index","follow":"follow","max-snippet":"max-snippet:-1","max-image-preview":"max-image-preview:large","max-video-preview":"max-video-preview:-1"},"canonical":"https:\/\/lisakoechli.ch\/index.php\/psychosyntehse\/astrologie\/","og_locale":"de_DE","og_type":"article","og_title":"Astrologie-Werkstatt - Beratungspraxis Lisa K\u00f6chli Bern, Brig","og_description":"Astrologie-Werkstatt Erfahrbare Astrologie ist eine innere Reise durch das eigene Geburtshoroskop. Dadurch werden die astrologischen Symbole zur lebendigen Erfahrung und Erkenntnisse entstehen durch das eigene Erleben. Die Kursteilnehmenden erhalten die M\u00f6glichkeit, ihre Planetenkonstellation selber zu erfassen und auf ihre ganz individuelle Art auszudr\u00fccken. Inhalte und Methoden Aufstellung von Planeten in den H\u00e4usern und Zeichen Visualisierung [&hellip;]","og_url":"https:\/\/lisakoechli.ch\/index.php\/psychosyntehse\/astrologie\/","og_site_name":"Beratungspraxis Lisa K\u00f6chli Bern, Brig","article_modified_time":"2024-12-29T16:27:28+00:00","twitter_card":"summary_large_image","twitter_misc":{"Gesch\u00e4tzte Lesezeit":"1\u00a0Minute"},"schema":{"@context":"https:\/\/schema.org","@graph":[{"@type":"WebPage","@id":"https:\/\/lisakoechli.ch\/index.php\/psychosyntehse\/astrologie\/","url":"https:\/\/lisakoechli.ch\/index.php\/psychosyntehse\/astrologie\/","name":"Astrologie-Werkstatt - Beratungspraxis Lisa K\u00f6chli Bern, Brig","isPartOf":{"@id":"https:\/\/lisakoechli.ch\/#website"},"datePublished":"2017-08-10T14:10:07+00:00","dateModified":"2024-12-29T16:27:28+00:00","breadcrumb":{"@id":"https:\/\/lisakoechli.ch\/index.php\/psychosyntehse\/astrologie\/#breadcrumb"},"inLanguage":"de","potentialAction":[{"@type":"ReadAction","target":["https:\/\/lisakoechli.ch\/index.php\/psychosyntehse\/astrologie\/"]}]},{"@type":"BreadcrumbList","@id":"https:\/\/lisakoechli.ch\/index.php\/psychosyntehse\/astrologie\/#breadcrumb","itemListElement":[{"@type":"ListItem","position":1,"name":"Startseite","item":"https:\/\/lisakoechli.ch\/"},{"@type":"ListItem","position":2,"name":"Kurse &#038; Seminare","item":"https:\/\/lisakoechli.ch\/index.php\/psychosyntehse\/"},{"@type":"ListItem","position":3,"name":"Astrologie-Werkstatt"}]},{"@type":"WebSite","@id":"https:\/\/lisakoechli.ch\/#website","url":"https:\/\/lisakoechli.ch\/","name":"Beratungspraxis Lisa K\u00f6chli Bern, Brig","description":"Psychosoziale Beratung \/ psychologische Astrologie","potentialAction":[{"@type":"SearchAction","target":{"@type":"EntryPoint","urlTemplate":"https:\/\/lisakoechli.ch\/?s={search_term_string}"},"query-input":{"@type":"PropertyValueSpecification","valueRequired":true,"valueName":"search_term_string"}}],"inLanguage":"de"}]}},"_links":{"self":[{"href":"https:\/\/lisakoechli.ch\/index.php\/wp-json\/wp\/v2\/pages\/118","targetHints":{"allow":["GET"]}}],"collection":[{"href":"https:\/\/lisakoechli.ch\/index.php\/wp-json\/wp\/v2\/pages"}],"about":[{"href":"https:\/\/lisakoechli.ch\/index.php\/wp-json\/wp\/v2\/types\/page"}],"author":[{"embeddable":true,"href":"https:\/\/lisakoechli.ch\/index.php\/wp-json\/wp\/v2\/users\/2"}],"replies":[{"embeddable":true,"href":"https:\/\/lisakoechli.ch\/index.php\/wp-json\/wp\/v2\/comments?post=118"}],"version-history":[{"count":11,"href":"https:\/\/lisakoechli.ch\/index.php\/wp-json\/wp\/v2\/pages\/118\/revisions"}],"predecessor-version":[{"id":363,"href":"https:\/\/lisakoechli.ch\/index.php\/wp-json\/wp\/v2\/pages\/118\/revisions\/363"}],"up":[{"embeddable":true,"href":"https:\/\/lisakoechli.ch\/index.php\/wp-json\/wp\/v2\/pages\/11"}],"wp:attachment":[{"href":"https:\/\/lisakoechli.ch\/index.php\/wp-json\/wp\/v2\/media?parent=118"}],"curies":[{"name":"wp","href":"https:\/\/api.w.org\/{rel}","templated":true}]}}