{"id":116,"date":"2017-08-10T16:09:42","date_gmt":"2017-08-10T14:09:42","guid":{"rendered":"https:\/\/lisakoechli.ch\/?page_id=116"},"modified":"2021-08-06T13:49:46","modified_gmt":"2021-08-06T11:49:46","slug":"wahrnehmung","status":"publish","type":"page","link":"https:\/\/lisakoechli.ch\/index.php\/psychosyntehse\/wahrnehmung\/","title":{"rendered":"Wahrnehmungsschulung"},"content":{"rendered":"<h2>Wahrnehmungsschulung<\/h2>\n<p><strong>Grundlagenkurs 1 und 2 zu je 12 Lektionen pro Kurseinheit<\/strong><\/p>\n<p><strong>Achtsamkeit und Pr\u00e4senz im Alltag<\/strong><\/p>\n<p>Mit Hilfe von einfachen \u00dcbungsanleitungen f\u00f6rdert der Kurs die St\u00e4rkung der Selbstwahrnehmung mit dem Ziel die Beziehung zu den eigenen K\u00f6rperempfindungen, Gef\u00fchlen und Gedanken zu st\u00e4rken und deren Impulsen zu vertrauen.<\/p>\n<p>Die Kurse bieten die M\u00f6glichkeit zum R\u00fcckzug. Sie dienen dazu innezuhalten und zu \u00fcberpr\u00fcfen, was f\u00fcr das eigene Wohlbefinden hinderlich und was f\u00f6rderlich ist.<\/p>\n<p>Die Grundlagenschritte des Kurses sind:<\/p>\n<ul>\n<li><strong>finden<\/strong> und st\u00e4rken der eigenen Mitte<\/li>\n<li><strong>erkennen<\/strong>, mit welcher Haltung man sich selbst und die Umwelt wahrnimmt<\/li>\n<li><strong>beobachten<\/strong>, wie man auf das Wahrgenommene reagiert und damit umgeht<\/li>\n<li><strong>herstellen<\/strong> eines inneren Gleichgewichts, um im Alltag achtsamer und pr\u00e4senter zu sein<\/li>\n<\/ul>\n<p><strong>Zur Zeit sind keine Kursdaten geplant<br \/>\n<\/strong>Die Grundlagenkurse k\u00f6nnen jedoch von Einzelpersonen, Paaren oder Gruppen gebucht werden. Die Kurseinheiten umfassen jeweils einen halben Tag (ca. 3\u20134 Stunden). Betreffend Verf\u00fcgbarkeit und Konditionen kontaktieren Sie mich bitte direkt per Mail oder Telefon.<\/p>\n<p><strong>\u00a0<\/strong><\/p>\n","protected":false},"excerpt":{"rendered":"<p>Wahrnehmungsschulung Grundlagenkurs 1 und 2 zu je 12 Lektionen pro Kurseinheit Achtsamkeit und Pr\u00e4senz im Alltag Mit Hilfe von einfachen \u00dcbungsanleitungen f\u00f6rdert der Kurs die St\u00e4rkung der Selbstwahrnehmung mit dem Ziel die Beziehung zu den eigenen K\u00f6rperempfindungen, Gef\u00fchlen und Gedanken zu st\u00e4rken und deren Impulsen zu vertrauen. Die Kurse bieten die M\u00f6glichkeit zum R\u00fcckzug. Sie [&hellip;]<\/p>\n","protected":false},"author":2,"featured_media":0,"parent":11,"menu_order":1,"comment_status":"closed","ping_status":"closed","template":"","meta":{"footnotes":""},"class_list":["post-116","page","type-page","status-publish","hentry"],"yoast_head":"<!-- This site is optimized with the Yoast SEO plugin v27.5 - https:\/\/yoast.com\/product\/yoast-seo-wordpress\/ -->\n<title>Wahrnehmungsschulung - Beratungspraxis Lisa K\u00f6chli Bern, Brig<\/title>\n<meta name=\"robots\" content=\"index, follow, max-snippet:-1, max-image-preview:large, max-video-preview:-1\" \/>\n<link rel=\"canonical\" href=\"https:\/\/lisakoechli.ch\/index.php\/psychosyntehse\/wahrnehmung\/\" \/>\n<meta property=\"og:locale\" content=\"de_DE\" \/>\n<meta property=\"og:type\" content=\"article\" \/>\n<meta property=\"og:title\" content=\"Wahrnehmungsschulung - Beratungspraxis Lisa K\u00f6chli Bern, Brig\" \/>\n<meta property=\"og:description\" content=\"Wahrnehmungsschulung Grundlagenkurs 1 und 2 zu je 12 Lektionen pro Kurseinheit Achtsamkeit und Pr\u00e4senz im Alltag Mit Hilfe von einfachen \u00dcbungsanleitungen f\u00f6rdert der Kurs die St\u00e4rkung der Selbstwahrnehmung mit dem Ziel die Beziehung zu den eigenen K\u00f6rperempfindungen, Gef\u00fchlen und Gedanken zu st\u00e4rken und deren Impulsen zu vertrauen. Die Kurse bieten die M\u00f6glichkeit zum R\u00fcckzug. Sie [&hellip;]\" \/>\n<meta property=\"og:url\" content=\"https:\/\/lisakoechli.ch\/index.php\/psychosyntehse\/wahrnehmung\/\" \/>\n<meta property=\"og:site_name\" content=\"Beratungspraxis Lisa K\u00f6chli Bern, Brig\" \/>\n<meta property=\"article:modified_time\" content=\"2021-08-06T11:49:46+00:00\" \/>\n<meta name=\"twitter:card\" content=\"summary_large_image\" \/>\n<meta name=\"twitter:label1\" content=\"Gesch\u00e4tzte Lesezeit\" \/>\n\t<meta name=\"twitter:data1\" content=\"1\u00a0Minute\" \/>\n<script type=\"application\/ld+json\" class=\"yoast-schema-graph\">{\"@context\":\"https:\\\/\\\/schema.org\",\"@graph\":[{\"@type\":\"WebPage\",\"@id\":\"https:\\\/\\\/lisakoechli.ch\\\/index.php\\\/psychosyntehse\\\/wahrnehmung\\\/\",\"url\":\"https:\\\/\\\/lisakoechli.ch\\\/index.php\\\/psychosyntehse\\\/wahrnehmung\\\/\",\"name\":\"Wahrnehmungsschulung - Beratungspraxis Lisa K\u00f6chli Bern, Brig\",\"isPartOf\":{\"@id\":\"https:\\\/\\\/lisakoechli.ch\\\/#website\"},\"datePublished\":\"2017-08-10T14:09:42+00:00\",\"dateModified\":\"2021-08-06T11:49:46+00:00\",\"breadcrumb\":{\"@id\":\"https:\\\/\\\/lisakoechli.ch\\\/index.php\\\/psychosyntehse\\\/wahrnehmung\\\/#breadcrumb\"},\"inLanguage\":\"de\",\"potentialAction\":[{\"@type\":\"ReadAction\",\"target\":[\"https:\\\/\\\/lisakoechli.ch\\\/index.php\\\/psychosyntehse\\\/wahrnehmung\\\/\"]}]},{\"@type\":\"BreadcrumbList\",\"@id\":\"https:\\\/\\\/lisakoechli.ch\\\/index.php\\\/psychosyntehse\\\/wahrnehmung\\\/#breadcrumb\",\"itemListElement\":[{\"@type\":\"ListItem\",\"position\":1,\"name\":\"Startseite\",\"item\":\"https:\\\/\\\/lisakoechli.ch\\\/\"},{\"@type\":\"ListItem\",\"position\":2,\"name\":\"Kurse &#038; Seminare\",\"item\":\"https:\\\/\\\/lisakoechli.ch\\\/index.php\\\/psychosyntehse\\\/\"},{\"@type\":\"ListItem\",\"position\":3,\"name\":\"Wahrnehmungsschulung\"}]},{\"@type\":\"WebSite\",\"@id\":\"https:\\\/\\\/lisakoechli.ch\\\/#website\",\"url\":\"https:\\\/\\\/lisakoechli.ch\\\/\",\"name\":\"Beratungspraxis Lisa K\u00f6chli Bern, Brig\",\"description\":\"Psychosoziale Beratung \\\/ psychologische Astrologie\",\"potentialAction\":[{\"@type\":\"SearchAction\",\"target\":{\"@type\":\"EntryPoint\",\"urlTemplate\":\"https:\\\/\\\/lisakoechli.ch\\\/?s={search_term_string}\"},\"query-input\":{\"@type\":\"PropertyValueSpecification\",\"valueRequired\":true,\"valueName\":\"search_term_string\"}}],\"inLanguage\":\"de\"}]}<\/script>\n<!-- \/ Yoast SEO plugin. -->","yoast_head_json":{"title":"Wahrnehmungsschulung - Beratungspraxis Lisa K\u00f6chli Bern, Brig","robots":{"index":"index","follow":"follow","max-snippet":"max-snippet:-1","max-image-preview":"max-image-preview:large","max-video-preview":"max-video-preview:-1"},"canonical":"https:\/\/lisakoechli.ch\/index.php\/psychosyntehse\/wahrnehmung\/","og_locale":"de_DE","og_type":"article","og_title":"Wahrnehmungsschulung - Beratungspraxis Lisa K\u00f6chli Bern, Brig","og_description":"Wahrnehmungsschulung Grundlagenkurs 1 und 2 zu je 12 Lektionen pro Kurseinheit Achtsamkeit und Pr\u00e4senz im Alltag Mit Hilfe von einfachen \u00dcbungsanleitungen f\u00f6rdert der Kurs die St\u00e4rkung der Selbstwahrnehmung mit dem Ziel die Beziehung zu den eigenen K\u00f6rperempfindungen, Gef\u00fchlen und Gedanken zu st\u00e4rken und deren Impulsen zu vertrauen. Die Kurse bieten die M\u00f6glichkeit zum R\u00fcckzug. Sie [&hellip;]","og_url":"https:\/\/lisakoechli.ch\/index.php\/psychosyntehse\/wahrnehmung\/","og_site_name":"Beratungspraxis Lisa K\u00f6chli Bern, Brig","article_modified_time":"2021-08-06T11:49:46+00:00","twitter_card":"summary_large_image","twitter_misc":{"Gesch\u00e4tzte Lesezeit":"1\u00a0Minute"},"schema":{"@context":"https:\/\/schema.org","@graph":[{"@type":"WebPage","@id":"https:\/\/lisakoechli.ch\/index.php\/psychosyntehse\/wahrnehmung\/","url":"https:\/\/lisakoechli.ch\/index.php\/psychosyntehse\/wahrnehmung\/","name":"Wahrnehmungsschulung - Beratungspraxis Lisa K\u00f6chli Bern, Brig","isPartOf":{"@id":"https:\/\/lisakoechli.ch\/#website"},"datePublished":"2017-08-10T14:09:42+00:00","dateModified":"2021-08-06T11:49:46+00:00","breadcrumb":{"@id":"https:\/\/lisakoechli.ch\/index.php\/psychosyntehse\/wahrnehmung\/#breadcrumb"},"inLanguage":"de","potentialAction":[{"@type":"ReadAction","target":["https:\/\/lisakoechli.ch\/index.php\/psychosyntehse\/wahrnehmung\/"]}]},{"@type":"BreadcrumbList","@id":"https:\/\/lisakoechli.ch\/index.php\/psychosyntehse\/wahrnehmung\/#breadcrumb","itemListElement":[{"@type":"ListItem","position":1,"name":"Startseite","item":"https:\/\/lisakoechli.ch\/"},{"@type":"ListItem","position":2,"name":"Kurse &#038; Seminare","item":"https:\/\/lisakoechli.ch\/index.php\/psychosyntehse\/"},{"@type":"ListItem","position":3,"name":"Wahrnehmungsschulung"}]},{"@type":"WebSite","@id":"https:\/\/lisakoechli.ch\/#website","url":"https:\/\/lisakoechli.ch\/","name":"Beratungspraxis Lisa K\u00f6chli Bern, Brig","description":"Psychosoziale Beratung \/ psychologische Astrologie","potentialAction":[{"@type":"SearchAction","target":{"@type":"EntryPoint","urlTemplate":"https:\/\/lisakoechli.ch\/?s={search_term_string}"},"query-input":{"@type":"PropertyValueSpecification","valueRequired":true,"valueName":"search_term_string"}}],"inLanguage":"de"}]}},"_links":{"self":[{"href":"https:\/\/lisakoechli.ch\/index.php\/wp-json\/wp\/v2\/pages\/116","targetHints":{"allow":["GET"]}}],"collection":[{"href":"https:\/\/lisakoechli.ch\/index.php\/wp-json\/wp\/v2\/pages"}],"about":[{"href":"https:\/\/lisakoechli.ch\/index.php\/wp-json\/wp\/v2\/types\/page"}],"author":[{"embeddable":true,"href":"https:\/\/lisakoechli.ch\/index.php\/wp-json\/wp\/v2\/users\/2"}],"replies":[{"embeddable":true,"href":"https:\/\/lisakoechli.ch\/index.php\/wp-json\/wp\/v2\/comments?post=116"}],"version-history":[{"count":12,"href":"https:\/\/lisakoechli.ch\/index.php\/wp-json\/wp\/v2\/pages\/116\/revisions"}],"predecessor-version":[{"id":291,"href":"https:\/\/lisakoechli.ch\/index.php\/wp-json\/wp\/v2\/pages\/116\/revisions\/291"}],"up":[{"embeddable":true,"href":"https:\/\/lisakoechli.ch\/index.php\/wp-json\/wp\/v2\/pages\/11"}],"wp:attachment":[{"href":"https:\/\/lisakoechli.ch\/index.php\/wp-json\/wp\/v2\/media?parent=116"}],"curies":[{"name":"wp","href":"https:\/\/api.w.org\/{rel}","templated":true}]}}